{"id":1199,"date":"2019-09-10T10:41:47","date_gmt":"2019-09-10T08:41:47","guid":{"rendered":"http:\/\/bukosdi.com\/biography-2\/"},"modified":"2021-06-27T11:23:39","modified_gmt":"2021-06-27T09:23:39","slug":"szolgaltatasok","status":"publish","type":"page","link":"http:\/\/bukosdi.com\/hu\/szolgaltatasok\/","title":{"rendered":"Szolg\u00e1ltat\u00e1s"},"content":{"rendered":"<div id=\"start\" class=\"tatsu-ByWc3eNI74 tatsu-section    tatsu-clearfix\" data-title=\"\"  data-headerscheme=\"background--dark\"><div class='tatsu-section-pad clearfix' data-padding='{\"d\":\"105px 0px 0px 0px\"}' data-padding-top='105px'><div class=\"tatsu-row-wrap  tatsu-wrap tatsu-row-has-three-cols tatsu-zero-margin tatsu-no-gutter tatsu-eq-cols  tatsu-clearfix tatsu-H1lPdvqxXH\" ><div  class=\"tatsu-row \" ><div  class=\"tatsu-column  tatsu-column-no-bg tatsu-column-empty tatsu-one-third tatsu-column-align-top tatsu-column-image-none tatsu-column-effect-none  tatsu-H1F_vqlmr\" data-animation=\"fadeIn\"   data-parallax-speed=\"0\" style=\"\"><div class=\"tatsu-column-inner \" ><div class=\"tatsu-column-pad-wrap\"><div class=\"tatsu-column-pad\" ><\/div><\/div><div class = \"tatsu-column-bg-image-wrap\"><div class = \"tatsu-column-bg-image\" ><\/div><\/div><\/div><style>.tatsu-row > .tatsu-H1F_vqlmr.tatsu-column{width: 33.33%;}.tatsu-H1F_vqlmr.tatsu-column > .tatsu-column-inner > .tatsu-column-overlay{mix-blend-mode: none;}.tatsu-H1F_vqlmr > .tatsu-column-inner > .tatsu-top-divider{z-index: 9999;}.tatsu-H1F_vqlmr > .tatsu-column-inner > .tatsu-bottom-divider{z-index: 9999;}.tatsu-H1F_vqlmr > .tatsu-column-inner > .tatsu-left-divider{z-index: 9999;}.tatsu-H1F_vqlmr > .tatsu-column-inner > .tatsu-right-divider{z-index: 9999;}.tatsu-H1F_vqlmr.tatsu-column{transform: translate3d(0px,0px, 0);}@media only screen and (max-width:1377px) {.tatsu-row > .tatsu-H1F_vqlmr.tatsu-column{width: 33.33%;}}@media only screen and (min-width:768px) and (max-width: 1024px) {.tatsu-row > .tatsu-H1F_vqlmr.tatsu-column{width: 33.33%;}}@media only screen and (max-width: 767px) {.tatsu-row > .tatsu-H1F_vqlmr.tatsu-column{width: 100%;}}<\/style><\/div><div  class=\"tatsu-column  tatsu-column-no-bg tatsu-one-third tatsu-column-align-top tatsu-column-image-none tatsu-column-effect-none column_main_title tatsu-SJxFOwcg7S\" data-animation=\"fadeIn\"   data-parallax-speed=\"0\" style=\"\"><div class=\"tatsu-column-inner \" ><div class=\"tatsu-column-pad-wrap\"><div class=\"tatsu-column-pad\" ><div  class=\"tatsu-module tatsu-text-block-wrap tatsu-S1WU7-wXN  \"><div class=\"tatsu-text-inner tatsu-align-center  clearfix\" data-animation=\"fadeIn\"  ><style>.tatsu-S1WU7-wXN.tatsu-text-block-wrap .tatsu-text-inner{width: 100%;text-align: center;}.tatsu-S1WU7-wXN.tatsu-text-block-wrap{margin: 0px 0px 0px 0px;}<\/style>\n<h1>SZOLG\u00c1LTAT\u00c1S<\/h1>\n<\/div><\/div><\/div><\/div><div class = \"tatsu-column-bg-image-wrap\"><div class = \"tatsu-column-bg-image\" ><\/div><\/div><\/div><style>.tatsu-row > .tatsu-SJxFOwcg7S.tatsu-column{width: 33.33%;}.tatsu-SJxFOwcg7S.tatsu-column > .tatsu-column-inner > .tatsu-column-overlay{mix-blend-mode: none;}.tatsu-SJxFOwcg7S > .tatsu-column-inner > .tatsu-top-divider{z-index: 9999;}.tatsu-SJxFOwcg7S > .tatsu-column-inner > .tatsu-bottom-divider{z-index: 9999;}.tatsu-SJxFOwcg7S > .tatsu-column-inner > .tatsu-left-divider{z-index: 9999;}.tatsu-SJxFOwcg7S > .tatsu-column-inner > .tatsu-right-divider{z-index: 9999;}.tatsu-SJxFOwcg7S.tatsu-column{transform: translate3d(0px,0px, 0);}@media only screen and (max-width:1377px) {.tatsu-row > .tatsu-SJxFOwcg7S.tatsu-column{width: 33.33%;}}@media only screen and (min-width:768px) and (max-width: 1024px) {.tatsu-row > .tatsu-SJxFOwcg7S.tatsu-column{width: 33.33%;}}@media only screen and (max-width: 767px) {.tatsu-row > .tatsu-SJxFOwcg7S.tatsu-column{width: 100%;}}<\/style><\/div><div  class=\"tatsu-column  tatsu-column-no-bg tatsu-column-empty tatsu-one-third tatsu-column-align-top tatsu-column-image-none tatsu-column-effect-none  tatsu-rkZKdP5g7H\" data-animation=\"fadeIn\"   data-parallax-speed=\"0\" style=\"\"><div class=\"tatsu-column-inner \" ><div class=\"tatsu-column-pad-wrap\"><div class=\"tatsu-column-pad\" ><\/div><\/div><div class = \"tatsu-column-bg-image-wrap\"><div class = \"tatsu-column-bg-image\" ><\/div><\/div><\/div><style>.tatsu-row > .tatsu-rkZKdP5g7H.tatsu-column{width: 33.33%;}.tatsu-rkZKdP5g7H.tatsu-column > .tatsu-column-inner > .tatsu-column-overlay{mix-blend-mode: none;}.tatsu-rkZKdP5g7H > .tatsu-column-inner > .tatsu-top-divider{z-index: 9999;}.tatsu-rkZKdP5g7H > .tatsu-column-inner > .tatsu-bottom-divider{z-index: 9999;}.tatsu-rkZKdP5g7H > .tatsu-column-inner > .tatsu-left-divider{z-index: 9999;}.tatsu-rkZKdP5g7H > .tatsu-column-inner > .tatsu-right-divider{z-index: 9999;}.tatsu-rkZKdP5g7H.tatsu-column{transform: translate3d(0px,0px, 0);}@media only screen and (max-width:1377px) {.tatsu-row > .tatsu-rkZKdP5g7H.tatsu-column{width: 33.33%;}}@media only screen and (min-width:768px) and (max-width: 1024px) {.tatsu-row > .tatsu-rkZKdP5g7H.tatsu-column{width: 33.33%;}}@media only screen and (max-width: 767px) {.tatsu-row > .tatsu-rkZKdP5g7H.tatsu-column{width: 100%;}}<\/style><\/div><\/div><\/div><div class=\"tatsu-row-wrap  tatsu-wrap tatsu-row-has-three-cols tatsu-zero-margin tatsu-no-gutter tatsu-reg-cols  tatsu-clearfix tatsu-Bye9hxVUmN\" ><div  class=\"tatsu-row \" ><div  class=\"tatsu-column  tatsu-column-no-bg tatsu-column-empty tatsu-one-third tatsu-column-align-top tatsu-column-image-none tatsu-column-effect-none  tatsu-HkKmW4LQ4\" data-animation=\"fadeIn\"   data-parallax-speed=\"0\" style=\"\"><div class=\"tatsu-column-inner \" ><div class=\"tatsu-column-pad-wrap\"><div class=\"tatsu-column-pad\" ><\/div><\/div><div class = \"tatsu-column-bg-image-wrap\"><div class = \"tatsu-column-bg-image\" ><\/div><\/div><\/div><style>.tatsu-row > .tatsu-HkKmW4LQ4.tatsu-column{width: 33.33%;}.tatsu-HkKmW4LQ4.tatsu-column > .tatsu-column-inner > .tatsu-column-pad-wrap > .tatsu-column-pad{padding: 10px 0px 20px 0px;}.tatsu-HkKmW4LQ4.tatsu-column > .tatsu-column-inner > .tatsu-column-overlay{mix-blend-mode: none;}.tatsu-HkKmW4LQ4 > .tatsu-column-inner > .tatsu-top-divider{z-index: 9999;}.tatsu-HkKmW4LQ4 > .tatsu-column-inner > .tatsu-bottom-divider{z-index: 9999;}.tatsu-HkKmW4LQ4 > .tatsu-column-inner > .tatsu-left-divider{z-index: 9999;}.tatsu-HkKmW4LQ4 > .tatsu-column-inner > .tatsu-right-divider{z-index: 9999;}.tatsu-HkKmW4LQ4.tatsu-column{transform: translate3d(0px,0px, 0);}@media only screen and (max-width:1377px) {.tatsu-row > .tatsu-HkKmW4LQ4.tatsu-column{width: 33.33%;}}@media only screen and (min-width:768px) and (max-width: 1024px) {.tatsu-row > .tatsu-HkKmW4LQ4.tatsu-column{width: 33.33%;}}@media only screen and (max-width: 767px) {.tatsu-row > .tatsu-HkKmW4LQ4.tatsu-column{width: 100%;}}<\/style><\/div><div  class=\"tatsu-column  tatsu-column-no-bg tatsu-one-third tatsu-column-align-top tatsu-column-image-none tatsu-column-effect-none column_general tatsu-SyxtQbN8QN\" data-animation=\"fadeIn\"   data-parallax-speed=\"0\" style=\"\"><div class=\"tatsu-column-inner \" ><div class=\"tatsu-column-pad-wrap\"><div class=\"tatsu-column-pad\" ><div  class=\"tatsu-module tatsu-text-block-wrap tatsu-ryeI-VI74  \"><div class=\"tatsu-text-inner tatsu-align-center  clearfix\" data-animation=\"fadeIn\"  ><style>.tatsu-ryeI-VI74.tatsu-text-block-wrap .tatsu-text-inner{width: 100%;text-align: left;}<\/style>\n<h4><strong>\u00f6sszefoglal\u00f3\/\/ <\/strong>Az iroda gener\u00e1ltervez\u00e9st v\u00e1llal, teh\u00e1t szolg\u00e1ltat\u00e1sai magukban foglalj\u00e1k a teljes tervez\u00e9si \u00e9s kivitelez\u00e9s-fel\u00fcgyeleti folyamatot, a tervez\u00e9si feladat meghat\u00e1roz\u00e1s\u00e1t\u00f3l a m\u0171szaki \u00e1tad\u00e1s-\u00e1tv\u00e9teli elj\u00e1r\u00e1s befejez\u00e9s\u00e9ig, illetve tartalmazz\u00e1k a l\u00e9tes\u00edtm\u00e9ny tervez\u00e9s\u00e9hez \u00e9s megval\u00f3s\u00edt\u00e1s\u00e1nak fel\u00fcgyelet\u00e9hez sz\u00fcks\u00e9ges szak\u00e1gi tervez\u0151k munk\u00e1j\u00e1nak koordin\u00e1l\u00e1s\u00e1t.<\/h4>\n<\/div><\/div><div  class=\"tatsu-empty-space  tatsu-r17IfEIQN  \" ><style>.tatsu-r17IfEIQN.tatsu-empty-space{height: 25px;}<\/style><\/div><div  class=\"tatsu-single-image tatsu-module align-center tatsu-image-lazyload tatsu-B10JEELXE  \" data-animation=\"fadeIn\"  ><div class=\"tatsu-single-image-inner \" style=\"width : 1600px;\" ><div class = \"tatsu-single-image-padding-wrap\" style = \"padding-bottom : 56.25%;\" ><\/div><img class = \"tatsu-gradient-border\" alt = \"\" title = \"bukosdi_services\" data-srcset = \"http:\/\/bukosdi.com\/wp-content\/uploads\/2019\/09\/bukosdi_services.jpg 1600w, http:\/\/bukosdi.com\/wp-content\/uploads\/2019\/09\/bukosdi_services-300x169.jpg 300w, http:\/\/bukosdi.com\/wp-content\/uploads\/2019\/09\/bukosdi_services-768x432.jpg 768w, http:\/\/bukosdi.com\/wp-content\/uploads\/2019\/09\/bukosdi_services-1024x576.jpg 1024w, http:\/\/bukosdi.com\/wp-content\/uploads\/2019\/09\/bukosdi_services-89x50.jpg 89w, http:\/\/bukosdi.com\/wp-content\/uploads\/2019\/09\/bukosdi_services-650x366.jpg 650w, http:\/\/bukosdi.com\/wp-content\/uploads\/2019\/09\/bukosdi_services-1000x563.jpg 1000w, http:\/\/bukosdi.com\/wp-content\/uploads\/2019\/09\/bukosdi_services-50x28.jpg 50w\" sizes = \"(max-width: 1600px) 100vw, 1600px\" src =\"data:image\/png;base64,iVBORw0KGgoAAAANSUhEUgAAAAEAAAABCAQAAAC1HAwCAAAAC0lEQVR42mNkYAAAAAYAAjCB0C8AAAAASUVORK5CYII=\"  \/><\/div><style>.tatsu-B10JEELXE .tatsu-single-image-inner{border-style: solid;max-width: 100%;}.tatsu-B10JEELXE.tatsu-single-image{transform: translate3d(0px,0px, 0);}<\/style><\/div><div  class=\"tatsu-empty-space  tatsu-HkHUNEUQ4  \" ><style>.tatsu-HkHUNEUQ4.tatsu-empty-space{height: 25px;}<\/style><\/div><div  class=\"tatsu-module tatsu-text-block-wrap tatsu-Skt844UQV  \"><div class=\"tatsu-text-inner tatsu-align-center  clearfix\" data-animation=\"fadeIn\"  ><style>.tatsu-Skt844UQV.tatsu-text-block-wrap .tatsu-text-inner{width: 100%;text-align: left;}<\/style>\n<h2>\u00c9p\u00edt\u00e9szeti Tervez\u00e9s<\/h2>\n<\/div><\/div><div  class=\"tatsu-empty-space  tatsu-ry3cI4I7E  \" ><style>.tatsu-ry3cI4I7E.tatsu-empty-space{height: 5px;}<\/style><\/div><div  class=\"tatsu-module tatsu-text-block-wrap tatsu-SyQj44L7V  \"><div class=\"tatsu-text-inner tatsu-align-center  clearfix\" data-animation=\"fadeIn\"  ><style>.tatsu-SyQj44L7V.tatsu-text-block-wrap .tatsu-text-inner{width: 100%;text-align: left;}<\/style>\n<p><strong>1\/\/<\/strong> Csal\u00e1di h\u00e1zak tervez\u00e9se.<\/p>\n<p><strong>2\/\/<\/strong> Lak\u00f3\u00e9p\u00fcletek tervez\u00e9se.<\/p>\n<p><strong>3\/\/<\/strong> K\u00f6z\u00e9p\u00fcletek tervez\u00e9se.<\/p>\n<p><strong>4\/\/<\/strong> Megl\u00e9v\u0151 \u00e9p\u00fcletek \u00e1talak\u00edt\u00e1sa.<\/p>\n<p><strong>5\/\/<\/strong> M\u0171eml\u00e9k \u00e9p\u00fcletek \u00e1talak\u00edt\u00e1sa.<\/p>\n<\/div><\/div><div  class=\"tatsu-empty-space  tatsu-ryARvqxQH  \" ><style>.tatsu-ryARvqxQH.tatsu-empty-space{height: 25px;}<\/style><\/div><div  class=\"tatsu-module tatsu-text-block-wrap tatsu-r1PYI48mE  \"><div class=\"tatsu-text-inner tatsu-align-center  clearfix\" data-animation=\"fadeIn\"  ><style>.tatsu-r1PYI48mE.tatsu-text-block-wrap .tatsu-text-inner{width: 100%;text-align: left;}<\/style>\n<h2>Bels\u0151\u00e9p\u00edt\u00e9szeti Tervez\u00e9s<\/h2>\n<\/div><\/div><div  class=\"tatsu-empty-space  tatsu-HJVQu9g7H  \" ><style>.tatsu-HJVQu9g7H.tatsu-empty-space{height: 5px;}<\/style><\/div><div  class=\"tatsu-module tatsu-text-block-wrap tatsu-rylhUVIQE  \"><div class=\"tatsu-text-inner tatsu-align-center  clearfix\" data-animation=\"fadeIn\"  ><style>.tatsu-rylhUVIQE.tatsu-text-block-wrap .tatsu-text-inner{width: 100%;text-align: left;}<\/style>\n<p><strong>1\/\/ <\/strong>St\u00edlusterv k\u00e9sz\u00edt\u00e9se.<\/p>\n<p><strong>2\/\/<\/strong> Koncepci\u00f3terv k\u00e9sz\u00edt\u00e9se.<\/p>\n<p><strong>3\/\/<\/strong> Kiviteli terv k\u00e9sz\u00edt\u00e9se.<\/p>\n<\/div><\/div><div  class=\"tatsu-empty-space  tatsu-S1nfdcg7B  \" ><style>.tatsu-S1nfdcg7B.tatsu-empty-space{height: 25px;}<\/style><\/div><div  class=\"tatsu-module tatsu-text-block-wrap tatsu-H13pDcxXH  \"><div class=\"tatsu-text-inner tatsu-align-center  clearfix\" data-animation=\"fadeIn\"  ><style>.tatsu-H13pDcxXH.tatsu-text-block-wrap .tatsu-text-inner{width: 100%;text-align: left;}<\/style>\n<h2>Tervdokument\u00e1ci\u00f3k k\u00e9sz\u00edt\u00e9se<\/h2>\n<\/div><\/div><div  class=\"tatsu-empty-space  tatsu-rkcQuqlXH  \" ><style>.tatsu-rkcQuqlXH.tatsu-empty-space{height: 5px;}<\/style><\/div><div  class=\"tatsu-module tatsu-text-block-wrap tatsu-BJ1l_9xmS  \"><div class=\"tatsu-text-inner tatsu-align-center  clearfix\" data-animation=\"fadeIn\"  ><style>.tatsu-BJ1l_9xmS.tatsu-text-block-wrap .tatsu-text-inner{width: 100%;text-align: left;}<\/style>\n<p><strong>1\/\/<\/strong> Tanulm\u00e1nyterv k\u00e9sz\u00edt\u00e9se.<\/p>\n<p><strong>2\/\/<\/strong> V\u00e1zlatterv k\u00e9sz\u00edt\u00e9se.<\/p>\n<p><strong>3\/\/<\/strong> \u00c9p\u00fclet \u00e1llapotfelm\u00e9r\u00e9se.<\/p>\n<p><strong>4\/\/<\/strong> Enged\u00e9lyez\u00e9si terv k\u00e9sz\u00edt\u00e9se.<\/p>\n<p><strong>5\/\/<\/strong> Tender terv k\u00e9sz\u00edt\u00e9se.<\/p>\n<p><strong>6\/\/<\/strong> Kiviteli terv k\u00e9sz\u00edt\u00e9se.<\/p>\n<p><strong>7\/\/<\/strong> Megval\u00f3sul\u00e1si terv k\u00e9sz\u00edt\u00e9se.<\/p>\n<\/div><\/div><div  class=\"tatsu-empty-space  tatsu-By86U-wX4  \" ><style>.tatsu-By86U-wX4.tatsu-empty-space{height: 25px;}<\/style><\/div><div  class=\"tatsu-module tatsu-text-block-wrap tatsu-HygI3GDmE  \"><div class=\"tatsu-text-inner tatsu-align-center  clearfix\" data-animation=\"fadeIn\"  ><style>.tatsu-HygI3GDmE.tatsu-text-block-wrap .tatsu-text-inner{width: 100%;text-align: left;}<\/style>\n<h2>L\u00e1tv\u00e1nytervez\u00e9s<\/h2>\n<\/div><\/div><div  class=\"tatsu-empty-space  tatsu-rJCNO5gmB  \" ><style>.tatsu-rJCNO5gmB.tatsu-empty-space{height: 5px;}<\/style><\/div><div  class=\"tatsu-module tatsu-text-block-wrap tatsu-r1uInGDm4  \"><div class=\"tatsu-text-inner tatsu-align-center  clearfix\" data-animation=\"fadeIn\"  ><style>.tatsu-r1uInGDm4.tatsu-text-block-wrap .tatsu-text-inner{width: 100%;text-align: left;}<\/style>\n<p><strong>1\/\/<\/strong> Virtu\u00e1lis 3D modell k\u00e9sz\u00edt\u00e9se.<\/p>\n<p><strong>2\/\/<\/strong> Fot\u00f3realisztikus l\u00e1tv\u00e1nytervek k\u00e9sz\u00edt\u00e9se.<\/p>\n<p><strong>3\/\/<\/strong> BIM modell k\u00e9sz\u00edt\u00e9se.<\/p>\n<\/div><\/div><div  class=\"tatsu-empty-space  tatsu-rk6v3fDXN  \" ><style>.tatsu-rk6v3fDXN.tatsu-empty-space{height: 25px;}<\/style><\/div><div  class=\"tatsu-module tatsu-text-block-wrap tatsu-HkWNt9eeH  \"><div class=\"tatsu-text-inner tatsu-align-center  clearfix\" data-animation=\"fadeIn\"  ><style>.tatsu-HkWNt9eeH.tatsu-text-block-wrap .tatsu-text-inner{width: 100%;text-align: left;}<\/style>\n<h2>Tan\u00e1csad\u00e1s<\/h2>\n<\/div><\/div><div  class=\"tatsu-empty-space  tatsu-B1vNu5eXH  \" ><style>.tatsu-B1vNu5eXH.tatsu-empty-space{height: 5px;}<\/style><\/div><div  class=\"tatsu-module tatsu-text-block-wrap tatsu-ByAJP-DmE  \"><div class=\"tatsu-text-inner tatsu-align-center  clearfix\" data-animation=\"fadeIn\"  ><style>.tatsu-ByAJP-DmE.tatsu-text-block-wrap .tatsu-text-inner{width: 100%;text-align: left;}<\/style>\n<p><strong>1\/\/<\/strong> Helysz\u00edni szemle telek \u00e9s h\u00e1zv\u00e1s\u00e1rl\u00e1s el\u0151tt.<\/p>\n<p><strong>2\/\/ <\/strong>Terv ellen\u0151rz\u00e9s.<\/p>\n<p><strong>3\/\/<\/strong> Tervez\u0151i k\u00f6lts\u00e9gbecsl\u00e9s.<\/p>\n<\/div><\/div><div  class=\"tatsu-empty-space  tatsu-Hy8e9zvX4  \" ><style>.tatsu-Hy8e9zvX4.tatsu-empty-space{height: 60px;}<\/style><\/div><\/div><\/div><div class = \"tatsu-column-bg-image-wrap\"><div class = \"tatsu-column-bg-image\" ><\/div><\/div><\/div><style>.tatsu-row > .tatsu-SyxtQbN8QN.tatsu-column{width: 33.33%;}.tatsu-SyxtQbN8QN.tatsu-column > .tatsu-column-inner > .tatsu-column-pad-wrap > .tatsu-column-pad{padding: 20px 0px 20px 0px;}.tatsu-SyxtQbN8QN.tatsu-column > .tatsu-column-inner > .tatsu-column-overlay{mix-blend-mode: none;}.tatsu-SyxtQbN8QN > .tatsu-column-inner > .tatsu-top-divider{z-index: 9999;}.tatsu-SyxtQbN8QN > .tatsu-column-inner > .tatsu-bottom-divider{z-index: 9999;}.tatsu-SyxtQbN8QN > .tatsu-column-inner > .tatsu-left-divider{z-index: 9999;}.tatsu-SyxtQbN8QN > .tatsu-column-inner > .tatsu-right-divider{z-index: 9999;}.tatsu-SyxtQbN8QN.tatsu-column{transform: translate3d(0px,0px, 0);}@media only screen and (max-width:1377px) {.tatsu-row > .tatsu-SyxtQbN8QN.tatsu-column{width: 33.33%;}}@media only screen and (min-width:768px) and (max-width: 1024px) {.tatsu-row > .tatsu-SyxtQbN8QN.tatsu-column{width: 33.33%;}}@media only screen and (max-width: 767px) {.tatsu-row > .tatsu-SyxtQbN8QN.tatsu-column{width: 100%;}}<\/style><\/div><div  class=\"tatsu-column  tatsu-column-no-bg tatsu-column-empty tatsu-one-third tatsu-column-align-top tatsu-column-image-none tatsu-column-effect-none  tatsu-S1WYX-VIXV\" data-animation=\"fadeIn\"   data-parallax-speed=\"0\" style=\"\"><div class=\"tatsu-column-inner \" ><div class=\"tatsu-column-pad-wrap\"><div class=\"tatsu-column-pad\" ><\/div><\/div><div class = \"tatsu-column-bg-image-wrap\"><div class = \"tatsu-column-bg-image\" ><\/div><\/div><\/div><style>.tatsu-row > .tatsu-S1WYX-VIXV.tatsu-column{width: 33.33%;}.tatsu-S1WYX-VIXV.tatsu-column > .tatsu-column-inner > .tatsu-column-pad-wrap > .tatsu-column-pad{padding: 10px 0px 20px 0px;}.tatsu-S1WYX-VIXV.tatsu-column > .tatsu-column-inner > .tatsu-column-overlay{mix-blend-mode: none;}.tatsu-S1WYX-VIXV > .tatsu-column-inner > .tatsu-top-divider{z-index: 9999;}.tatsu-S1WYX-VIXV > .tatsu-column-inner > .tatsu-bottom-divider{z-index: 9999;}.tatsu-S1WYX-VIXV > .tatsu-column-inner > .tatsu-left-divider{z-index: 9999;}.tatsu-S1WYX-VIXV > .tatsu-column-inner > .tatsu-right-divider{z-index: 9999;}.tatsu-S1WYX-VIXV.tatsu-column{transform: translate3d(0px,0px, 0);}@media only screen and (max-width:1377px) {.tatsu-row > .tatsu-S1WYX-VIXV.tatsu-column{width: 33.33%;}}@media only screen and (min-width:768px) and (max-width: 1024px) {.tatsu-row > .tatsu-S1WYX-VIXV.tatsu-column{width: 33.33%;}}@media only screen and (max-width: 767px) {.tatsu-row > .tatsu-S1WYX-VIXV.tatsu-column{width: 100%;}}<\/style><\/div><\/div><\/div><\/div><div class=\"tatsu-section-background-wrap\"><div class = \"tatsu-section-background\" ><\/div><\/div><style>.tatsu-ByWc3eNI74 .tatsu-section-pad{padding: 105px 0px 0px 0px;}.tatsu-ByWc3eNI74 > .tatsu-bottom-divider{z-index: 9999;}.tatsu-ByWc3eNI74 > .tatsu-top-divider{z-index: 9999;}<\/style><\/div>\n","protected":false},"excerpt":{"rendered":"<p><a href=\"http:\/\/bukosdi.com\/hu\/szolgaltatasok\/\" class=\"more-link style1-button\">Read More<\/a><\/p>","protected":false},"author":1,"featured_media":0,"parent":0,"menu_order":0,"comment_status":"closed","ping_status":"closed","template":"","meta":{"inline_featured_image":false,"_mi_skip_tracking":false},"acf":[],"yoast_head":"<!-- This site is optimized with the Yoast SEO plugin v20.1 - https:\/\/yoast.com\/wordpress\/plugins\/seo\/ -->\n<title>Szolg\u00e1ltat\u00e1s - Gyorgy Bukosdi<\/title>\n<meta name=\"robots\" content=\"index, follow, max-snippet:-1, max-image-preview:large, max-video-preview:-1\" \/>\n<link rel=\"canonical\" href=\"https:\/\/bukosdi.com\/hu\/szolgaltatasok\/\" \/>\n<meta property=\"og:locale\" content=\"hu_HU\" \/>\n<meta property=\"og:type\" content=\"article\" \/>\n<meta property=\"og:title\" content=\"Szolg\u00e1ltat\u00e1s - Gyorgy Bukosdi\" \/>\n<meta property=\"og:url\" content=\"https:\/\/bukosdi.com\/hu\/szolgaltatasok\/\" \/>\n<meta property=\"og:site_name\" content=\"Gyorgy Bukosdi\" \/>\n<meta property=\"article:modified_time\" content=\"2021-06-27T09:23:39+00:00\" \/>\n<meta name=\"twitter:card\" content=\"summary_large_image\" \/>\n<meta name=\"twitter:label1\" content=\"Becs\u00fclt olvas\u00e1si id\u0151\" \/>\n\t<meta name=\"twitter:data1\" content=\"8 perc\" \/>\n<script type=\"application\/ld+json\" class=\"yoast-schema-graph\">{\"@context\":\"https:\/\/schema.org\",\"@graph\":[{\"@type\":\"WebPage\",\"@id\":\"https:\/\/bukosdi.com\/hu\/szolgaltatasok\/\",\"url\":\"https:\/\/bukosdi.com\/hu\/szolgaltatasok\/\",\"name\":\"Szolg\u00e1ltat\u00e1s - Gyorgy Bukosdi\",\"isPartOf\":{\"@id\":\"http:\/\/bukosdi.com\/#website\"},\"datePublished\":\"2019-09-10T08:41:47+00:00\",\"dateModified\":\"2021-06-27T09:23:39+00:00\",\"breadcrumb\":{\"@id\":\"https:\/\/bukosdi.com\/hu\/szolgaltatasok\/#breadcrumb\"},\"inLanguage\":\"hu\",\"potentialAction\":[{\"@type\":\"ReadAction\",\"target\":[\"https:\/\/bukosdi.com\/hu\/szolgaltatasok\/\"]}]},{\"@type\":\"BreadcrumbList\",\"@id\":\"https:\/\/bukosdi.com\/hu\/szolgaltatasok\/#breadcrumb\",\"itemListElement\":[{\"@type\":\"ListItem\",\"position\":1,\"name\":\"Home\",\"item\":\"https:\/\/bukosdi.com\/hu\/\"},{\"@type\":\"ListItem\",\"position\":2,\"name\":\"Szolg\u00e1ltat\u00e1s\"}]},{\"@type\":\"WebSite\",\"@id\":\"http:\/\/bukosdi.com\/#website\",\"url\":\"http:\/\/bukosdi.com\/\",\"name\":\"Gyorgy Bukosdi\",\"description\":\"Personal Website\",\"potentialAction\":[{\"@type\":\"SearchAction\",\"target\":{\"@type\":\"EntryPoint\",\"urlTemplate\":\"http:\/\/bukosdi.com\/?s={search_term_string}\"},\"query-input\":\"required name=search_term_string\"}],\"inLanguage\":\"hu\"}]}<\/script>\n<!-- \/ Yoast SEO plugin. -->","yoast_head_json":{"title":"Szolg\u00e1ltat\u00e1s - Gyorgy Bukosdi","robots":{"index":"index","follow":"follow","max-snippet":"max-snippet:-1","max-image-preview":"max-image-preview:large","max-video-preview":"max-video-preview:-1"},"canonical":"https:\/\/bukosdi.com\/hu\/szolgaltatasok\/","og_locale":"hu_HU","og_type":"article","og_title":"Szolg\u00e1ltat\u00e1s - Gyorgy Bukosdi","og_url":"https:\/\/bukosdi.com\/hu\/szolgaltatasok\/","og_site_name":"Gyorgy Bukosdi","article_modified_time":"2021-06-27T09:23:39+00:00","twitter_card":"summary_large_image","twitter_misc":{"Becs\u00fclt olvas\u00e1si id\u0151":"8 perc"},"schema":{"@context":"https:\/\/schema.org","@graph":[{"@type":"WebPage","@id":"https:\/\/bukosdi.com\/hu\/szolgaltatasok\/","url":"https:\/\/bukosdi.com\/hu\/szolgaltatasok\/","name":"Szolg\u00e1ltat\u00e1s - Gyorgy Bukosdi","isPartOf":{"@id":"http:\/\/bukosdi.com\/#website"},"datePublished":"2019-09-10T08:41:47+00:00","dateModified":"2021-06-27T09:23:39+00:00","breadcrumb":{"@id":"https:\/\/bukosdi.com\/hu\/szolgaltatasok\/#breadcrumb"},"inLanguage":"hu","potentialAction":[{"@type":"ReadAction","target":["https:\/\/bukosdi.com\/hu\/szolgaltatasok\/"]}]},{"@type":"BreadcrumbList","@id":"https:\/\/bukosdi.com\/hu\/szolgaltatasok\/#breadcrumb","itemListElement":[{"@type":"ListItem","position":1,"name":"Home","item":"https:\/\/bukosdi.com\/hu\/"},{"@type":"ListItem","position":2,"name":"Szolg\u00e1ltat\u00e1s"}]},{"@type":"WebSite","@id":"http:\/\/bukosdi.com\/#website","url":"http:\/\/bukosdi.com\/","name":"Gyorgy Bukosdi","description":"Personal Website","potentialAction":[{"@type":"SearchAction","target":{"@type":"EntryPoint","urlTemplate":"http:\/\/bukosdi.com\/?s={search_term_string}"},"query-input":"required name=search_term_string"}],"inLanguage":"hu"}]}},"_links":{"self":[{"href":"http:\/\/bukosdi.com\/hu\/wp-json\/wp\/v2\/pages\/1199"}],"collection":[{"href":"http:\/\/bukosdi.com\/hu\/wp-json\/wp\/v2\/pages"}],"about":[{"href":"http:\/\/bukosdi.com\/hu\/wp-json\/wp\/v2\/types\/page"}],"author":[{"embeddable":true,"href":"http:\/\/bukosdi.com\/hu\/wp-json\/wp\/v2\/users\/1"}],"replies":[{"embeddable":true,"href":"http:\/\/bukosdi.com\/hu\/wp-json\/wp\/v2\/comments?post=1199"}],"version-history":[{"count":1,"href":"http:\/\/bukosdi.com\/hu\/wp-json\/wp\/v2\/pages\/1199\/revisions"}],"predecessor-version":[{"id":1439,"href":"http:\/\/bukosdi.com\/hu\/wp-json\/wp\/v2\/pages\/1199\/revisions\/1439"}],"wp:attachment":[{"href":"http:\/\/bukosdi.com\/hu\/wp-json\/wp\/v2\/media?parent=1199"}],"curies":[{"name":"wp","href":"https:\/\/api.w.org\/{rel}","templated":true}]}}